{"id":4205,"date":"2022-06-07T10:50:05","date_gmt":"2022-06-07T14:50:05","guid":{"rendered":"https:\/\/lumevi.basalte.dev\/request-a-demo\/"},"modified":"2022-09-02T11:31:22","modified_gmt":"2022-09-02T15:31:22","slug":"demandez-une-demo","status":"publish","type":"page","link":"https:\/\/lumevi.basalte.dev\/fr\/demandez-une-demo\/","title":{"rendered":"Demandez une d\u00e9mo"},"content":{"rendered":"\t\t<div data-elementor-type=\"wp-page\" data-elementor-id=\"4205\" class=\"elementor elementor-4205 elementor-2275\">\n\t\t\t\t\t\t\t\t\t<section class=\"elementor-section elementor-top-section elementor-element elementor-element-7c434c6 elementor-section-boxed elementor-section-height-default elementor-section-height-default\" data-id=\"7c434c6\" data-element_type=\"section\">\n\t\t\t\t\t\t<div class=\"elementor-container elementor-column-gap-no\">\n\t\t\t\t\t<div class=\"elementor-column elementor-col-33 elementor-top-column elementor-element elementor-element-1832d13 animated-slow elementor-invisible\" data-id=\"1832d13\" data-element_type=\"column\" data-settings=\"{&quot;background_background&quot;:&quot;classic&quot;,&quot;animation&quot;:&quot;fadeInLeft&quot;}\">\n\t\t\t<div class=\"elementor-widget-wrap elementor-element-populated\">\n\t\t\t\t\t<div class=\"elementor-background-overlay\"><\/div>\n\t\t\t\t\t\t\t\t<div class=\"elementor-element elementor-element-0ae2041 elementor-widget elementor-widget-heading\" data-id=\"0ae2041\" data-element_type=\"widget\" data-widget_type=\"heading.default\">\n\t\t\t\t<div class=\"elementor-widget-container\">\n\t\t\t<style>\/*! elementor - v3.6.7 - 03-07-2022 *\/\n.elementor-heading-title{padding:0;margin:0;line-height:1}.elementor-widget-heading .elementor-heading-title[class*=elementor-size-]>a{color:inherit;font-size:inherit;line-height:inherit}.elementor-widget-heading .elementor-heading-title.elementor-size-small{font-size:15px}.elementor-widget-heading .elementor-heading-title.elementor-size-medium{font-size:19px}.elementor-widget-heading .elementor-heading-title.elementor-size-large{font-size:29px}.elementor-widget-heading .elementor-heading-title.elementor-size-xl{font-size:39px}.elementor-widget-heading .elementor-heading-title.elementor-size-xxl{font-size:59px}<\/style><h2 class=\"elementor-heading-title elementor-size-default\">Demander une d\u00e9mo<\/h2>\t\t<\/div>\n\t\t\t\t<\/div>\n\t\t\t\t<div class=\"elementor-element elementor-element-1531915 elementor-widget elementor-widget-heading\" data-id=\"1531915\" data-element_type=\"widget\" data-widget_type=\"heading.default\">\n\t\t\t\t<div class=\"elementor-widget-container\">\n\t\t\t<span class=\"elementor-heading-title elementor-size-default\"><h1 style=\"font-size:46px\"> Faites rayonner votre organisation \u00e0 son plein potentiel <\/span>\t\t<\/div>\n\t\t\t\t<\/div>\n\t\t\t\t<div class=\"elementor-element elementor-element-ac59566 elementor-widget elementor-widget-text-editor\" data-id=\"ac59566\" data-element_type=\"widget\" data-widget_type=\"text-editor.default\">\n\t\t\t\t<div class=\"elementor-widget-container\">\n\t\t\t<style>\/*! elementor - v3.6.7 - 03-07-2022 *\/\n.elementor-widget-text-editor.elementor-drop-cap-view-stacked .elementor-drop-cap{background-color:#818a91;color:#fff}.elementor-widget-text-editor.elementor-drop-cap-view-framed .elementor-drop-cap{color:#818a91;border:3px solid;background-color:transparent}.elementor-widget-text-editor:not(.elementor-drop-cap-view-default) .elementor-drop-cap{margin-top:8px}.elementor-widget-text-editor:not(.elementor-drop-cap-view-default) .elementor-drop-cap-letter{width:1em;height:1em}.elementor-widget-text-editor .elementor-drop-cap{float:left;text-align:center;line-height:1;font-size:50px}.elementor-widget-text-editor .elementor-drop-cap-letter{display:inline-block}<\/style>\t\t\t\t<ul><li>Faites rayonner vos \u00e9quipes en illuminant leur exp\u00e9rience avec <a href=\"https:\/\/lumevi.basalte.dev\/fr\/lumevi-capital-humain\/gestion-de-paie-espresso\/\">Lumevi Gestion de paie (Espresso)<\/a>, <a href=\"http:\/\/Lumevi Gestion des horaires\" data-wplink-url-error=\"true\">Lumevi Gestion des horaires<\/a> et <a href=\"https:\/\/lumevi.basalte.dev\/fr\/lumevi-capital-humain\/gestion-des-etudiants-medsis-3c\/\">Lumevi Gestion des \u00e9tudiants (Logibec MedSIS 3C)<\/a>.<br \/><br \/><\/li><li>Obtenez une image claire des activit\u00e9s cliniques et simplifiez vos op\u00e9rations avec <a href=\"https:\/\/lumevi.basalte.dev\/fr\/lumevi-clinique\/systeme-information-hospitalier-logibec-eclinibase\/\">Lumevi Syst\u00e8me d\u2019information hospitalier (eClinibase)<\/a>,<a href=\"https:\/\/lumevi.basalte.dev\/fr\/lumevi-clinique\/gestion-electronique-documents-gde\/\"> Lumevi Gestion \u00e9lectronique de documents (GDE)<\/a>,\u00a0 \u00a0<a href=\"http:\/\/Lumevi R\u00e9orientation \u00e0 l\u2019urgence\" data-wplink-url-error=\"true\">Lumevi R\u00e9orientation \u00e0 l\u2019urgence<\/a> et <a href=\"https:\/\/lumevi.basalte.dev\/fr\/lumevi-clinique\/gestion-des-urgences\/\">Lumevi Gestion des urgences<\/a>.<br \/><br \/><\/li><li>Mettez en lumi\u00e8re les informations cl\u00e9s et maximisez l\u2019utilisation de vos ressources avec <a href=\"https:\/\/lumevi.basalte.dev\/fr\/lumevi-finance\/gestion-financiere-grf\/\">Lumevi Gestion financi\u00e8re (GRF)<\/a> et <a href=\"https:\/\/lumevi.basalte.dev\/fr\/lumevi-finance\/chaine-approvisionnement-grm\/\">Lumevi Cha\u00eene d\u2019approvisionnement (GRM)<\/a>.<br \/><br \/><\/li><li>Obtenez une meilleure visibilit\u00e9 sur les d\u00e9fis \u00e0 venir et les solutions possibles avec <a href=\"https:\/\/lumevi.basalte.dev\/fr\/lumevi-analytique\/visualisation-donnee-intellium\/\">Lumevi Visualisation des donn\u00e9es (Intellium),<\/a> <a href=\"https:\/\/lumevi.basalte.dev\/fr\/lumevi-analytique\/intelligence-operationnelle-lighthouse\/\">Lumevi Intelligence op\u00e9rationnelle (LightHouse)<\/a> et <a href=\"https:\/\/lumevi.basalte.dev\/fr\/lumevi-analytique\/gestion-donnees-continuumcore\/\">Lumevi Gestion des donn\u00e9es (ContinuumCore)<\/a>.\u00a0\u00a0<\/li><\/ul>\t\t\t\t\t\t<\/div>\n\t\t\t\t<\/div>\n\t\t\t\t\t<\/div>\n\t\t<\/div>\n\t\t\t\t<div class=\"elementor-column elementor-col-66 elementor-top-column elementor-element elementor-element-5741d06 animated-slow elementor-invisible\" data-id=\"5741d06\" data-element_type=\"column\" id=\"form\" data-settings=\"{&quot;animation&quot;:&quot;fadeInRight&quot;}\">\n\t\t\t<div class=\"elementor-widget-wrap elementor-element-populated\">\n\t\t\t\t\t\t\t\t<div class=\"elementor-element elementor-element-5c7f95a elementor-widget elementor-widget-heading\" data-id=\"5c7f95a\" data-element_type=\"widget\" data-widget_type=\"heading.default\">\n\t\t\t\t<div class=\"elementor-widget-container\">\n\t\t\t<span class=\"elementor-heading-title elementor-size-default\">Planifier une rencontre<\/span>\t\t<\/div>\n\t\t\t\t<\/div>\n\t\t\t\t<div class=\"elementor-element elementor-element-21962cd elementor-widget elementor-widget-html\" data-id=\"21962cd\" data-element_type=\"widget\" data-widget_type=\"html.default\">\n\t\t\t\t<div class=\"elementor-widget-container\">\n\t\t\t<script>\n    hbspt.forms.create({\n        region: \"na1\",\n        portalId: \"9369158\",\n        formId: \"7f181127-915d-45bb-aa0b-42df319b8210\"\n    });\n<\/script>\t\t<\/div>\n\t\t\t\t<\/div>\n\t\t\t\t\t<\/div>\n\t\t<\/div>\n\t\t\t\t\t\t\t<\/div>\n\t\t<\/section>\n\t\t\t\t\t\t\t<\/div>\n\t\t","protected":false},"excerpt":{"rendered":"<p>Demander une d\u00e9mo Faites rayonner votre organisation \u00e0 son plein potentiel Faites rayonner vos \u00e9quipes en illuminant leur exp\u00e9rience avec Lumevi Gestion de paie (Espresso), Lumevi Gestion des horaires et Lumevi Gestion des \u00e9tudiants (Logibec MedSIS 3C). Obtenez une image claire des activit\u00e9s cliniques et simplifiez vos op\u00e9rations avec Lumevi Syst\u00e8me d\u2019information hospitalier (eClinibase), Lumevi [&hellip;]<\/p>\n","protected":false},"author":1,"featured_media":0,"parent":0,"menu_order":0,"comment_status":"closed","ping_status":"closed","template":"","meta":{"footnotes":""},"class_list":["post-4205","page","type-page","status-publish","hentry"],"acf":[],"yoast_head":"<!-- This site is optimized with the Yoast SEO plugin v19.9 - https:\/\/yoast.com\/wordpress\/plugins\/seo\/ -->\n<title>Demandez une d\u00e9mo - Lumevi<\/title>\n<meta name=\"robots\" content=\"noindex, follow, max-snippet:-1, max-image-preview:large, max-video-preview:-1\" \/>\n<meta property=\"og:locale\" content=\"fr_FR\" \/>\n<meta property=\"og:type\" content=\"article\" \/>\n<meta property=\"og:title\" content=\"Demandez une d\u00e9mo - Lumevi\" \/>\n<meta property=\"og:description\" content=\"Demander une d\u00e9mo Faites rayonner votre organisation \u00e0 son plein potentiel Faites rayonner vos \u00e9quipes en illuminant leur exp\u00e9rience avec Lumevi Gestion de paie (Espresso), Lumevi Gestion des horaires et Lumevi Gestion des \u00e9tudiants (Logibec MedSIS 3C). Obtenez une image claire des activit\u00e9s cliniques et simplifiez vos op\u00e9rations avec Lumevi Syst\u00e8me d\u2019information hospitalier (eClinibase), Lumevi [&hellip;]\" \/>\n<meta property=\"og:url\" content=\"https:\/\/lumevi.basalte.dev\/fr\/demandez-une-demo\/\" \/>\n<meta property=\"og:site_name\" content=\"Lumevi\" \/>\n<meta property=\"article:modified_time\" content=\"2022-09-02T15:31:22+00:00\" \/>\n<meta name=\"twitter:card\" content=\"summary_large_image\" \/>\n<meta name=\"twitter:label1\" content=\"Dur\u00e9e de lecture estim\u00e9e\" \/>\n\t<meta name=\"twitter:data1\" content=\"1 minute\" \/>\n<script type=\"application\/ld+json\" class=\"yoast-schema-graph\">{\"@context\":\"https:\/\/schema.org\",\"@graph\":[{\"@type\":\"WebPage\",\"@id\":\"https:\/\/lumevi.basalte.dev\/fr\/demandez-une-demo\/\",\"url\":\"https:\/\/lumevi.basalte.dev\/fr\/demandez-une-demo\/\",\"name\":\"Demandez une d\u00e9mo - Lumevi\",\"isPartOf\":{\"@id\":\"https:\/\/lumevi.basalte.dev\/fr\/#website\"},\"datePublished\":\"2022-06-07T14:50:05+00:00\",\"dateModified\":\"2022-09-02T15:31:22+00:00\",\"breadcrumb\":{\"@id\":\"https:\/\/lumevi.basalte.dev\/fr\/demandez-une-demo\/#breadcrumb\"},\"inLanguage\":\"fr-FR\",\"potentialAction\":[{\"@type\":\"ReadAction\",\"target\":[\"https:\/\/lumevi.basalte.dev\/fr\/demandez-une-demo\/\"]}]},{\"@type\":\"BreadcrumbList\",\"@id\":\"https:\/\/lumevi.basalte.dev\/fr\/demandez-une-demo\/#breadcrumb\",\"itemListElement\":[{\"@type\":\"ListItem\",\"position\":1,\"name\":\"Home\",\"item\":\"https:\/\/lumevi.basalte.dev\/fr\/\"},{\"@type\":\"ListItem\",\"position\":2,\"name\":\"Demandez une d\u00e9mo\"}]},{\"@type\":\"WebSite\",\"@id\":\"https:\/\/lumevi.basalte.dev\/fr\/#website\",\"url\":\"https:\/\/lumevi.basalte.dev\/fr\/\",\"name\":\"Lumevi\",\"description\":\"\",\"publisher\":{\"@id\":\"https:\/\/lumevi.basalte.dev\/fr\/#organization\"},\"potentialAction\":[{\"@type\":\"SearchAction\",\"target\":{\"@type\":\"EntryPoint\",\"urlTemplate\":\"https:\/\/lumevi.basalte.dev\/fr\/?s={search_term_string}\"},\"query-input\":\"required name=search_term_string\"}],\"inLanguage\":\"fr-FR\"},{\"@type\":\"Organization\",\"@id\":\"https:\/\/lumevi.basalte.dev\/fr\/#organization\",\"name\":\"Lumevi\",\"url\":\"https:\/\/lumevi.basalte.dev\/fr\/\",\"logo\":{\"@type\":\"ImageObject\",\"inLanguage\":\"fr-FR\",\"@id\":\"https:\/\/lumevi.basalte.dev\/fr\/#\/schema\/logo\/image\/\",\"url\":\"https:\/\/lumevi.basalte.dev\/wp-content\/uploads\/2022\/05\/logo.svg\",\"contentUrl\":\"https:\/\/lumevi.basalte.dev\/wp-content\/uploads\/2022\/05\/logo.svg\",\"width\":124,\"height\":29,\"caption\":\"Lumevi\"},\"image\":{\"@id\":\"https:\/\/lumevi.basalte.dev\/fr\/#\/schema\/logo\/image\/\"}}]}<\/script>\n<!-- \/ Yoast SEO plugin. -->","yoast_head_json":{"title":"Demandez une d\u00e9mo - Lumevi","robots":{"index":"noindex","follow":"follow","max-snippet":"max-snippet:-1","max-image-preview":"max-image-preview:large","max-video-preview":"max-video-preview:-1"},"og_locale":"fr_FR","og_type":"article","og_title":"Demandez une d\u00e9mo - Lumevi","og_description":"Demander une d\u00e9mo Faites rayonner votre organisation \u00e0 son plein potentiel Faites rayonner vos \u00e9quipes en illuminant leur exp\u00e9rience avec Lumevi Gestion de paie (Espresso), Lumevi Gestion des horaires et Lumevi Gestion des \u00e9tudiants (Logibec MedSIS 3C). Obtenez une image claire des activit\u00e9s cliniques et simplifiez vos op\u00e9rations avec Lumevi Syst\u00e8me d\u2019information hospitalier (eClinibase), Lumevi [&hellip;]","og_url":"https:\/\/lumevi.basalte.dev\/fr\/demandez-une-demo\/","og_site_name":"Lumevi","article_modified_time":"2022-09-02T15:31:22+00:00","twitter_card":"summary_large_image","twitter_misc":{"Dur\u00e9e de lecture estim\u00e9e":"1 minute"},"schema":{"@context":"https:\/\/schema.org","@graph":[{"@type":"WebPage","@id":"https:\/\/lumevi.basalte.dev\/fr\/demandez-une-demo\/","url":"https:\/\/lumevi.basalte.dev\/fr\/demandez-une-demo\/","name":"Demandez une d\u00e9mo - Lumevi","isPartOf":{"@id":"https:\/\/lumevi.basalte.dev\/fr\/#website"},"datePublished":"2022-06-07T14:50:05+00:00","dateModified":"2022-09-02T15:31:22+00:00","breadcrumb":{"@id":"https:\/\/lumevi.basalte.dev\/fr\/demandez-une-demo\/#breadcrumb"},"inLanguage":"fr-FR","potentialAction":[{"@type":"ReadAction","target":["https:\/\/lumevi.basalte.dev\/fr\/demandez-une-demo\/"]}]},{"@type":"BreadcrumbList","@id":"https:\/\/lumevi.basalte.dev\/fr\/demandez-une-demo\/#breadcrumb","itemListElement":[{"@type":"ListItem","position":1,"name":"Home","item":"https:\/\/lumevi.basalte.dev\/fr\/"},{"@type":"ListItem","position":2,"name":"Demandez une d\u00e9mo"}]},{"@type":"WebSite","@id":"https:\/\/lumevi.basalte.dev\/fr\/#website","url":"https:\/\/lumevi.basalte.dev\/fr\/","name":"Lumevi","description":"","publisher":{"@id":"https:\/\/lumevi.basalte.dev\/fr\/#organization"},"potentialAction":[{"@type":"SearchAction","target":{"@type":"EntryPoint","urlTemplate":"https:\/\/lumevi.basalte.dev\/fr\/?s={search_term_string}"},"query-input":"required name=search_term_string"}],"inLanguage":"fr-FR"},{"@type":"Organization","@id":"https:\/\/lumevi.basalte.dev\/fr\/#organization","name":"Lumevi","url":"https:\/\/lumevi.basalte.dev\/fr\/","logo":{"@type":"ImageObject","inLanguage":"fr-FR","@id":"https:\/\/lumevi.basalte.dev\/fr\/#\/schema\/logo\/image\/","url":"https:\/\/lumevi.basalte.dev\/wp-content\/uploads\/2022\/05\/logo.svg","contentUrl":"https:\/\/lumevi.basalte.dev\/wp-content\/uploads\/2022\/05\/logo.svg","width":124,"height":29,"caption":"Lumevi"},"image":{"@id":"https:\/\/lumevi.basalte.dev\/fr\/#\/schema\/logo\/image\/"}}]}},"_links":{"self":[{"href":"https:\/\/lumevi.basalte.dev\/fr\/wp-json\/wp\/v2\/pages\/4205","targetHints":{"allow":["GET"]}}],"collection":[{"href":"https:\/\/lumevi.basalte.dev\/fr\/wp-json\/wp\/v2\/pages"}],"about":[{"href":"https:\/\/lumevi.basalte.dev\/fr\/wp-json\/wp\/v2\/types\/page"}],"author":[{"embeddable":true,"href":"https:\/\/lumevi.basalte.dev\/fr\/wp-json\/wp\/v2\/users\/1"}],"replies":[{"embeddable":true,"href":"https:\/\/lumevi.basalte.dev\/fr\/wp-json\/wp\/v2\/comments?post=4205"}],"version-history":[{"count":19,"href":"https:\/\/lumevi.basalte.dev\/fr\/wp-json\/wp\/v2\/pages\/4205\/revisions"}],"predecessor-version":[{"id":5575,"href":"https:\/\/lumevi.basalte.dev\/fr\/wp-json\/wp\/v2\/pages\/4205\/revisions\/5575"}],"wp:attachment":[{"href":"https:\/\/lumevi.basalte.dev\/fr\/wp-json\/wp\/v2\/media?parent=4205"}],"curies":[{"name":"wp","href":"https:\/\/api.w.org\/{rel}","templated":true}]}}